{"id":155,"date":"2020-05-09T19:26:40","date_gmt":"2020-05-09T19:26:40","guid":{"rendered":"http:\/\/sucrea.org\/?page_id=155"},"modified":"2025-12-05T08:58:19","modified_gmt":"2025-12-05T08:58:19","slug":"fahrrad-mobilitaet","status":"publish","type":"page","link":"https:\/\/sucrea.org\/?page_id=155","title":{"rendered":"Projekte Vergabemanagement"},"content":{"rendered":"\t\t<div data-elementor-type=\"wp-page\" data-elementor-id=\"155\" class=\"elementor elementor-155\">\n\t\t\t\t\t\t<section class=\"elementor-section elementor-top-section elementor-element elementor-element-fe4b4ba elementor-section-boxed elementor-section-height-default elementor-section-height-default\" data-id=\"fe4b4ba\" data-element_type=\"section\">\n\t\t\t\t\t\t<div class=\"elementor-container elementor-column-gap-default\">\n\t\t\t\t\t<div class=\"elementor-column elementor-col-50 elementor-top-column elementor-element elementor-element-9b906f6\" data-id=\"9b906f6\" data-element_type=\"column\">\n\t\t\t<div class=\"elementor-widget-wrap elementor-element-populated\">\n\t\t\t\t\t\t<div class=\"elementor-element elementor-element-a2aafbc elementor-widget elementor-widget-text-editor\" data-id=\"a2aafbc\" data-element_type=\"widget\" data-widget_type=\"text-editor.default\">\n\t\t\t\t<div class=\"elementor-widget-container\">\n\t\t\t\t\t\t\t<ul>\n<li><span style=\"color: #000000; font-family: Bahnschrift Light, sans-serif; font-size: large;\">Effektives Vergabemanagement in Zusammenarbeit mit Anwaltskanzleien<\/span><\/li>\n<li><span style=\"color: #000000; font-family: Bahnschrift Light, sans-serif; font-size: large;\">Technische und rechtliche Begleitung des gesamten Verganeprozesses und der baulichen Umsetzung <\/span><\/li>\n<li><span style=\"color: #000000; font-family: Bahnschrift Light, sans-serif; font-size: large;\">Begleitung von nationalen, unterschwellingen sowie europ\u00e4ischen, oberschwelligen <\/span><span style=\"color: #000000; font-family: Bahnschrift Light, sans-serif; font-size: large;\">Ausschreibungen<\/span><\/li><li><span style=\"color: #000000; font-family: Bahnschrift Light, sans-serif; font-size: large;\">Strategisches und nachhaltiges Vergabemanagement<\/span><\/li>\n<li><span style=\"color: #000000; font-family: Bahnschrift Light, sans-serif; font-size: large;\">Sinnvolles Festlegen von Eignungs- und Zuschlagskriterien<\/span><\/li>\n<li><span style=\"color: #000000; font-family: Bahnschrift Light, sans-serif; font-size: large;\">Begleitung der Ausf\u00fchrung von Bauleistungen nach der Vergabe<\/span><\/li>\n<\/ul>\t\t\t\t\t\t<\/div>\n\t\t\t\t<\/div>\n\t\t\t\t\t<\/div>\n\t\t<\/div>\n\t\t\t\t<div class=\"elementor-column elementor-col-50 elementor-top-column elementor-element elementor-element-3e5aa6b\" data-id=\"3e5aa6b\" data-element_type=\"column\">\n\t\t\t<div class=\"elementor-widget-wrap elementor-element-populated\">\n\t\t\t\t\t\t<div class=\"elementor-element elementor-element-b1db737 elementor-widget elementor-widget-image\" data-id=\"b1db737\" data-element_type=\"widget\" data-widget_type=\"image.default\">\n\t\t\t\t<div class=\"elementor-widget-container\">\n\t\t\t\t\t\t\t\t\t\t\t\t\t<img fetchpriority=\"high\" decoding=\"async\" width=\"1024\" height=\"768\" src=\"https:\/\/sucrea.org\/wp-content\/uploads\/2025\/09\/IMG_20230802_112023-min-1024x768.jpg\" class=\"attachment-large size-large wp-image-1005\" alt=\"\" srcset=\"https:\/\/sucrea.org\/wp-content\/uploads\/2025\/09\/IMG_20230802_112023-min-1024x768.jpg 1024w, https:\/\/sucrea.org\/wp-content\/uploads\/2025\/09\/IMG_20230802_112023-min-300x225.jpg 300w, https:\/\/sucrea.org\/wp-content\/uploads\/2025\/09\/IMG_20230802_112023-min-768x576.jpg 768w, https:\/\/sucrea.org\/wp-content\/uploads\/2025\/09\/IMG_20230802_112023-min-1536x1152.jpg 1536w, https:\/\/sucrea.org\/wp-content\/uploads\/2025\/09\/IMG_20230802_112023-min-2048x1536.jpg 2048w\" sizes=\"(max-width: 1024px) 100vw, 1024px\" \/>\t\t\t\t\t\t\t\t\t\t\t\t\t<\/div>\n\t\t\t\t<\/div>\n\t\t\t\t\t<\/div>\n\t\t<\/div>\n\t\t\t\t\t<\/div>\n\t\t<\/section>\n\t\t\t\t<section class=\"elementor-section elementor-top-section elementor-element elementor-element-1df4f44 elementor-section-boxed elementor-section-height-default elementor-section-height-default\" data-id=\"1df4f44\" data-element_type=\"section\">\n\t\t\t\t\t\t<div class=\"elementor-container elementor-column-gap-default\">\n\t\t\t\t\t<div class=\"elementor-column elementor-col-50 elementor-top-column elementor-element elementor-element-c0e6ba7\" data-id=\"c0e6ba7\" data-element_type=\"column\">\n\t\t\t<div class=\"elementor-widget-wrap elementor-element-populated\">\n\t\t\t\t\t\t<div class=\"elementor-element elementor-element-a76691e elementor-widget elementor-widget-text-editor\" data-id=\"a76691e\" data-element_type=\"widget\" data-widget_type=\"text-editor.default\">\n\t\t\t\t<div class=\"elementor-widget-container\">\n\t\t\t\t\t\t\t<p><span style=\"color: #000000; font-family: Bahnschrift Light, sans-serif; font-size: large;\"><b>Referenzen Lewin Di Giovine<\/b><\/span><\/p><p><span style=\"color: #000000; font-family: Bahnschrift Light, sans-serif; font-size: large;\">01.02.2022-29.04.2024 (in Kooperation mit anderem Architekturb\u00fcro):<\/span><\/p><p><span style=\"color: #000000; font-family: 'Bahnschrift Light', sans-serif; font-size: large;\"><b>Berufskolleg Wesel\u00a0<\/b><\/span><span style=\"color: #000000; font-family: 'Bahnschrift Light', sans-serif; font-size: large; font-style: normal; font-variant-ligatures: normal; font-variant-caps: normal; font-weight: 300;\">(siehe Bilder rechts)<\/span><span style=\"color: #000000; font-family: 'Bahnschrift Light', sans-serif; font-size: large;\">, Energetische Dachsanierung mit Gr\u00fcn- und PV-Dach, Schulgeb\u00e4ude und Sporthalle: Erstellung der Ausschreibung und Vergabe von Dachdecker- Ger\u00fcstbau- und Fassadenbauleistungen, insgesamt ca. 8545 m\u00b2, Baukosten insgesamt 5.840.000 EUR<\/span><\/p><p><span style=\"color: #000000; font-family: 'Bahnschrift Light', sans-serif; font-size: large;\">01.06.2023 &#8211; 29.04.2024 <span style=\"color: #000000; font-family: Bahnschrift Light, sans-serif; font-size: large;\">(in Kooperation mit anderem Architekturb\u00fcro): <b>Recyclinghof Essen<\/b>,<\/span>\u00a0Vergabe von Brandschutzleistungen, ca. 15.000 m\u00b2<\/span><\/p><p>\u00a0<\/p>\t\t\t\t\t\t<\/div>\n\t\t\t\t<\/div>\n\t\t\t\t\t<\/div>\n\t\t<\/div>\n\t\t\t\t<div class=\"elementor-column elementor-col-50 elementor-top-column elementor-element elementor-element-9795696\" data-id=\"9795696\" data-element_type=\"column\">\n\t\t\t<div class=\"elementor-widget-wrap elementor-element-populated\">\n\t\t\t\t\t\t<div class=\"elementor-element elementor-element-a8e6f3b elementor-widget elementor-widget-image\" data-id=\"a8e6f3b\" data-element_type=\"widget\" data-widget_type=\"image.default\">\n\t\t\t\t<div class=\"elementor-widget-container\">\n\t\t\t\t\t\t\t\t\t\t\t\t\t<img decoding=\"async\" width=\"1024\" height=\"576\" src=\"https:\/\/sucrea.org\/wp-content\/uploads\/2025\/09\/IMG-20240905-WA0099-1024x576.jpg\" class=\"attachment-large size-large wp-image-1230\" alt=\"\" srcset=\"https:\/\/sucrea.org\/wp-content\/uploads\/2025\/09\/IMG-20240905-WA0099-1024x576.jpg 1024w, https:\/\/sucrea.org\/wp-content\/uploads\/2025\/09\/IMG-20240905-WA0099-300x169.jpg 300w, https:\/\/sucrea.org\/wp-content\/uploads\/2025\/09\/IMG-20240905-WA0099-768x432.jpg 768w, https:\/\/sucrea.org\/wp-content\/uploads\/2025\/09\/IMG-20240905-WA0099-1536x864.jpg 1536w, https:\/\/sucrea.org\/wp-content\/uploads\/2025\/09\/IMG-20240905-WA0099-800x450.jpg 800w, https:\/\/sucrea.org\/wp-content\/uploads\/2025\/09\/IMG-20240905-WA0099.jpg 2048w\" sizes=\"(max-width: 1024px) 100vw, 1024px\" \/>\t\t\t\t\t\t\t\t\t\t\t\t\t<\/div>\n\t\t\t\t<\/div>\n\t\t\t\t<div class=\"elementor-element elementor-element-e8b369a elementor-widget elementor-widget-image\" data-id=\"e8b369a\" data-element_type=\"widget\" data-widget_type=\"image.default\">\n\t\t\t\t<div class=\"elementor-widget-container\">\n\t\t\t\t\t\t\t\t\t\t\t\t\t<img decoding=\"async\" width=\"1024\" height=\"576\" src=\"https:\/\/sucrea.org\/wp-content\/uploads\/2025\/09\/IMG-20240905-WA0064-1024x576.jpg\" class=\"attachment-large size-large wp-image-1235\" alt=\"\" srcset=\"https:\/\/sucrea.org\/wp-content\/uploads\/2025\/09\/IMG-20240905-WA0064-1024x576.jpg 1024w, https:\/\/sucrea.org\/wp-content\/uploads\/2025\/09\/IMG-20240905-WA0064-300x169.jpg 300w, https:\/\/sucrea.org\/wp-content\/uploads\/2025\/09\/IMG-20240905-WA0064-768x432.jpg 768w, https:\/\/sucrea.org\/wp-content\/uploads\/2025\/09\/IMG-20240905-WA0064-1536x864.jpg 1536w, https:\/\/sucrea.org\/wp-content\/uploads\/2025\/09\/IMG-20240905-WA0064-800x450.jpg 800w, https:\/\/sucrea.org\/wp-content\/uploads\/2025\/09\/IMG-20240905-WA0064.jpg 2048w\" sizes=\"(max-width: 1024px) 100vw, 1024px\" \/>\t\t\t\t\t\t\t\t\t\t\t\t\t<\/div>\n\t\t\t\t<\/div>\n\t\t\t\t\t<\/div>\n\t\t<\/div>\n\t\t\t\t\t<\/div>\n\t\t<\/section>\n\t\t\t\t<section class=\"elementor-section elementor-top-section elementor-element elementor-element-da1ffa8 elementor-section-boxed elementor-section-height-default elementor-section-height-default\" data-id=\"da1ffa8\" data-element_type=\"section\">\n\t\t\t\t\t\t<div class=\"elementor-container elementor-column-gap-default\">\n\t\t\t\t\t<div class=\"elementor-column elementor-col-50 elementor-top-column elementor-element elementor-element-f8c57b2\" data-id=\"f8c57b2\" data-element_type=\"column\">\n\t\t\t<div class=\"elementor-widget-wrap elementor-element-populated\">\n\t\t\t\t\t\t<div class=\"elementor-element elementor-element-091f34d elementor-widget elementor-widget-text-editor\" data-id=\"091f34d\" data-element_type=\"widget\" data-widget_type=\"text-editor.default\">\n\t\t\t\t<div class=\"elementor-widget-container\">\n\t\t\t\t\t\t\t<p><span style=\"color: #000000; font-family: 'Bahnschrift Light', sans-serif; font-size: large;\">01.05.2024 &#8211; 28.02.2025 <\/span><b style=\"color: #000000; font-family: 'Bahnschrift Light', sans-serif; font-size: large;\">M\u00e4rkische Kliniken L\u00fcdenscheid<\/b><span style=\"color: #000000; font-family: 'Bahnschrift Light', sans-serif; font-size: large;\">\u00a0(siehe Bilder rechts)<\/span><\/p><ul><li><span style=\"color: #000000; font-family: 'Bahnschrift Light', sans-serif; font-size: large;\">Erstellung VgV- Verfahren (Europ\u00e4ische Ausschreibung) f\u00fcr die Planung der Dachsanierung des Haupthauses, ca. 4795 m\u00b2, 5,20 Mio. EUR<\/span><\/li><li><span style=\"color: #000000; font-family: Bahnschrift Light, sans-serif; font-size: large;\">Beschr\u00e4nkte Vergabe der Planungsleistung f\u00fcr die Dachsanierung \u00fcber der Apotheke, siehe Bild rechts (ca. 468 m\u00b2)<\/span><\/li><li><span style=\"color: #000000; font-family: Bahnschrift Light, sans-serif; font-size: large;\">Vergabe von Planungs- und Bauleistungen zur Umbau der Kinder- und Erwachsenen Psychiatrie<\/span><\/li><li><span style=\"color: #000000; font-family: Bahnschrift Light, sans-serif; font-size: large;\">Ausschreibung und Vergabe von Winterdienstleistungen<\/span><\/li><li><span style=\"color: #000000; font-family: Bahnschrift Light, sans-serif; font-size: large;\">Seniorenzentrum Letmathe: Schaffung einer unabh\u00e4ngigen Energieversorgung: <\/span><span style=\"font-family: 'Bahnschrift Light', sans-serif; font-size: large; color: #000000;\">Vergabe von Leistungen der Technischen Geb\u00e4udeausr\u00fcstung und der architektonischen Planung\u00a0<\/span><\/li><\/ul>\t\t\t\t\t\t<\/div>\n\t\t\t\t<\/div>\n\t\t\t\t\t<\/div>\n\t\t<\/div>\n\t\t\t\t<div class=\"elementor-column elementor-col-50 elementor-top-column elementor-element elementor-element-4c343ad\" data-id=\"4c343ad\" data-element_type=\"column\">\n\t\t\t<div class=\"elementor-widget-wrap elementor-element-populated\">\n\t\t\t\t\t\t<div class=\"elementor-element elementor-element-1845062 elementor-widget elementor-widget-image\" data-id=\"1845062\" data-element_type=\"widget\" data-widget_type=\"image.default\">\n\t\t\t\t<div class=\"elementor-widget-container\">\n\t\t\t\t\t\t\t\t\t\t\t\t\t<img loading=\"lazy\" decoding=\"async\" width=\"854\" height=\"607\" src=\"https:\/\/sucrea.org\/wp-content\/uploads\/2025\/09\/Maerkische-Kliniken-Haupthaus-Luftperspektive.jpeg\" class=\"attachment-large size-large wp-image-1321\" alt=\"\" srcset=\"https:\/\/sucrea.org\/wp-content\/uploads\/2025\/09\/Maerkische-Kliniken-Haupthaus-Luftperspektive.jpeg 854w, https:\/\/sucrea.org\/wp-content\/uploads\/2025\/09\/Maerkische-Kliniken-Haupthaus-Luftperspektive-300x213.jpeg 300w, https:\/\/sucrea.org\/wp-content\/uploads\/2025\/09\/Maerkische-Kliniken-Haupthaus-Luftperspektive-768x546.jpeg 768w\" sizes=\"(max-width: 854px) 100vw, 854px\" \/>\t\t\t\t\t\t\t\t\t\t\t\t\t<\/div>\n\t\t\t\t<\/div>\n\t\t\t\t<div class=\"elementor-element elementor-element-d9ff9c4 elementor-widget elementor-widget-image\" data-id=\"d9ff9c4\" data-element_type=\"widget\" data-widget_type=\"image.default\">\n\t\t\t\t<div class=\"elementor-widget-container\">\n\t\t\t\t\t\t\t\t\t\t\t\t\t<img loading=\"lazy\" decoding=\"async\" width=\"1024\" height=\"698\" src=\"https:\/\/sucrea.org\/wp-content\/uploads\/2025\/09\/Dachflaeche-Haupthaus-1024x698.png\" class=\"attachment-large size-large wp-image-1322\" alt=\"\" srcset=\"https:\/\/sucrea.org\/wp-content\/uploads\/2025\/09\/Dachflaeche-Haupthaus-1024x698.png 1024w, https:\/\/sucrea.org\/wp-content\/uploads\/2025\/09\/Dachflaeche-Haupthaus-300x204.png 300w, https:\/\/sucrea.org\/wp-content\/uploads\/2025\/09\/Dachflaeche-Haupthaus-768x523.png 768w, https:\/\/sucrea.org\/wp-content\/uploads\/2025\/09\/Dachflaeche-Haupthaus-1536x1047.png 1536w, https:\/\/sucrea.org\/wp-content\/uploads\/2025\/09\/Dachflaeche-Haupthaus.png 1877w\" sizes=\"(max-width: 1024px) 100vw, 1024px\" \/>\t\t\t\t\t\t\t\t\t\t\t\t\t<\/div>\n\t\t\t\t<\/div>\n\t\t\t\t<div class=\"elementor-element elementor-element-176e273 elementor-widget elementor-widget-image\" data-id=\"176e273\" data-element_type=\"widget\" data-widget_type=\"image.default\">\n\t\t\t\t<div class=\"elementor-widget-container\">\n\t\t\t\t\t\t\t\t\t\t\t\t\t<img loading=\"lazy\" decoding=\"async\" width=\"1024\" height=\"574\" src=\"https:\/\/sucrea.org\/wp-content\/uploads\/2025\/09\/Dachflaeche-Apotheke-1024x574.png\" class=\"attachment-large size-large wp-image-1352\" alt=\"\" srcset=\"https:\/\/sucrea.org\/wp-content\/uploads\/2025\/09\/Dachflaeche-Apotheke-1024x574.png 1024w, https:\/\/sucrea.org\/wp-content\/uploads\/2025\/09\/Dachflaeche-Apotheke-300x168.png 300w, https:\/\/sucrea.org\/wp-content\/uploads\/2025\/09\/Dachflaeche-Apotheke-768x431.png 768w, https:\/\/sucrea.org\/wp-content\/uploads\/2025\/09\/Dachflaeche-Apotheke-1536x861.png 1536w, https:\/\/sucrea.org\/wp-content\/uploads\/2025\/09\/Dachflaeche-Apotheke-2048x1149.png 2048w\" sizes=\"(max-width: 1024px) 100vw, 1024px\" \/>\t\t\t\t\t\t\t\t\t\t\t\t\t<\/div>\n\t\t\t\t<\/div>\n\t\t\t\t<div class=\"elementor-element elementor-element-38f261c elementor-widget elementor-widget-image\" data-id=\"38f261c\" data-element_type=\"widget\" data-widget_type=\"image.default\">\n\t\t\t\t<div class=\"elementor-widget-container\">\n\t\t\t\t\t\t\t\t\t\t\t\t\t<img loading=\"lazy\" decoding=\"async\" width=\"1024\" height=\"716\" src=\"https:\/\/sucrea.org\/wp-content\/uploads\/2025\/09\/Letmathe-WP-auf-Dach-min3-1024x716.jpg\" class=\"attachment-large size-large wp-image-1347\" alt=\"\" srcset=\"https:\/\/sucrea.org\/wp-content\/uploads\/2025\/09\/Letmathe-WP-auf-Dach-min3-1024x716.jpg 1024w, https:\/\/sucrea.org\/wp-content\/uploads\/2025\/09\/Letmathe-WP-auf-Dach-min3-300x210.jpg 300w, https:\/\/sucrea.org\/wp-content\/uploads\/2025\/09\/Letmathe-WP-auf-Dach-min3-768x537.jpg 768w, https:\/\/sucrea.org\/wp-content\/uploads\/2025\/09\/Letmathe-WP-auf-Dach-min3-1536x1074.jpg 1536w, https:\/\/sucrea.org\/wp-content\/uploads\/2025\/09\/Letmathe-WP-auf-Dach-min3-2048x1432.jpg 2048w\" sizes=\"(max-width: 1024px) 100vw, 1024px\" \/>\t\t\t\t\t\t\t\t\t\t\t\t\t<\/div>\n\t\t\t\t<\/div>\n\t\t\t\t\t<\/div>\n\t\t<\/div>\n\t\t\t\t\t<\/div>\n\t\t<\/section>\n\t\t\t\t<\/div>\n\t\t","protected":false},"excerpt":{"rendered":"<p>Effektives Vergabemanagement in Zusammenarbeit mit Anwaltskanzleien Technische und rechtliche Begleitung des gesamten Verganeprozesses und der baulichen Umsetzung Begleitung von nationalen, unterschwellingen sowie europ\u00e4ischen, oberschwelligen Ausschreibungen Strategisches und nachhaltiges Vergabemanagement Sinnvolles Festlegen von Eignungs- und Zuschlagskriterien Begleitung der Ausf\u00fchrung von Bauleistungen nach der Vergabe Referenzen Lewin Di Giovine 01.02.2022-29.04.2024 (in Kooperation mit anderem Architekturb\u00fcro): Berufskolleg Wesel\u00a0(siehe [&hellip;]<\/p>\n","protected":false},"author":1,"featured_media":0,"parent":0,"menu_order":0,"comment_status":"closed","ping_status":"closed","template":"","meta":{"ocean_post_layout":"full-width","ocean_both_sidebars_style":"","ocean_both_sidebars_content_width":0,"ocean_both_sidebars_sidebars_width":0,"ocean_sidebar":"0","ocean_second_sidebar":"0","ocean_disable_margins":"enable","ocean_add_body_class":"","ocean_shortcode_before_top_bar":"","ocean_shortcode_after_top_bar":"","ocean_shortcode_before_header":"","ocean_shortcode_after_header":"","ocean_has_shortcode":"","ocean_shortcode_after_title":"","ocean_shortcode_before_footer_widgets":"","ocean_shortcode_after_footer_widgets":"","ocean_shortcode_before_footer_bottom":"","ocean_shortcode_after_footer_bottom":"","ocean_display_top_bar":"on","ocean_display_header":"on","ocean_header_style":"","ocean_center_header_left_menu":"0","ocean_custom_header_template":"0","ocean_custom_logo":0,"ocean_custom_retina_logo":0,"ocean_custom_logo_max_width":0,"ocean_custom_logo_tablet_max_width":0,"ocean_custom_logo_mobile_max_width":0,"ocean_custom_logo_max_height":0,"ocean_custom_logo_tablet_max_height":0,"ocean_custom_logo_mobile_max_height":0,"ocean_header_custom_menu":"0","ocean_menu_typo_font_family":"0","ocean_menu_typo_font_subset":"","ocean_menu_typo_font_size":0,"ocean_menu_typo_font_size_tablet":0,"ocean_menu_typo_font_size_mobile":0,"ocean_menu_typo_font_size_unit":"px","ocean_menu_typo_font_weight":"","ocean_menu_typo_font_weight_tablet":"","ocean_menu_typo_font_weight_mobile":"","ocean_menu_typo_transform":"","ocean_menu_typo_transform_tablet":"","ocean_menu_typo_transform_mobile":"","ocean_menu_typo_line_height":0,"ocean_menu_typo_line_height_tablet":0,"ocean_menu_typo_line_height_mobile":0,"ocean_menu_typo_line_height_unit":"","ocean_menu_typo_spacing":0,"ocean_menu_typo_spacing_tablet":0,"ocean_menu_typo_spacing_mobile":0,"ocean_menu_typo_spacing_unit":"","ocean_menu_link_color":"","ocean_menu_link_color_hover":"","ocean_menu_link_color_active":"","ocean_menu_link_background":"","ocean_menu_link_hover_background":"","ocean_menu_link_active_background":"","ocean_menu_social_links_bg":"","ocean_menu_social_hover_links_bg":"","ocean_menu_social_links_color":"","ocean_menu_social_hover_links_color":"","ocean_disable_title":"enable","ocean_disable_heading":"enable","ocean_post_title":"","ocean_post_subheading":"","ocean_post_title_style":"","ocean_post_title_background_color":"","ocean_post_title_background":0,"ocean_post_title_bg_image_position":"","ocean_post_title_bg_image_attachment":"","ocean_post_title_bg_image_repeat":"","ocean_post_title_bg_image_size":"","ocean_post_title_height":0,"ocean_post_title_bg_overlay":0.5,"ocean_post_title_bg_overlay_color":"","ocean_disable_breadcrumbs":"default","ocean_breadcrumbs_color":"","ocean_breadcrumbs_separator_color":"","ocean_breadcrumbs_links_color":"","ocean_breadcrumbs_links_hover_color":"","ocean_display_footer_widgets":"on","ocean_display_footer_bottom":"on","ocean_custom_footer_template":"0"},"_links":{"self":[{"href":"https:\/\/sucrea.org\/index.php?rest_route=\/wp\/v2\/pages\/155"}],"collection":[{"href":"https:\/\/sucrea.org\/index.php?rest_route=\/wp\/v2\/pages"}],"about":[{"href":"https:\/\/sucrea.org\/index.php?rest_route=\/wp\/v2\/types\/page"}],"author":[{"embeddable":true,"href":"https:\/\/sucrea.org\/index.php?rest_route=\/wp\/v2\/users\/1"}],"replies":[{"embeddable":true,"href":"https:\/\/sucrea.org\/index.php?rest_route=%2Fwp%2Fv2%2Fcomments&post=155"}],"version-history":[{"count":100,"href":"https:\/\/sucrea.org\/index.php?rest_route=\/wp\/v2\/pages\/155\/revisions"}],"predecessor-version":[{"id":1810,"href":"https:\/\/sucrea.org\/index.php?rest_route=\/wp\/v2\/pages\/155\/revisions\/1810"}],"wp:attachment":[{"href":"https:\/\/sucrea.org\/index.php?rest_route=%2Fwp%2Fv2%2Fmedia&parent=155"}],"curies":[{"name":"wp","href":"https:\/\/api.w.org\/{rel}","templated":true}]}}