{"id":17,"date":"2020-05-05T19:47:32","date_gmt":"2020-05-05T19:47:32","guid":{"rendered":"http:\/\/sucrea.org\/?page_id=17"},"modified":"2025-10-30T15:32:46","modified_gmt":"2025-10-30T15:32:46","slug":"ueber-uns","status":"publish","type":"page","link":"https:\/\/sucrea.org\/?page_id=17","title":{"rendered":"Vision"},"content":{"rendered":"\t\t<div data-elementor-type=\"wp-page\" data-elementor-id=\"17\" class=\"elementor elementor-17\">\n\t\t\t\t\t\t<section class=\"elementor-section elementor-top-section elementor-element elementor-element-9a22707 elementor-section-boxed elementor-section-height-default elementor-section-height-default\" data-id=\"9a22707\" data-element_type=\"section\">\n\t\t\t\t\t\t<div class=\"elementor-container elementor-column-gap-default\">\n\t\t\t\t\t<div class=\"elementor-column elementor-col-50 elementor-top-column elementor-element elementor-element-9334f58\" data-id=\"9334f58\" data-element_type=\"column\">\n\t\t\t<div class=\"elementor-widget-wrap elementor-element-populated\">\n\t\t\t\t\t\t<div class=\"elementor-element elementor-element-8d7e2b1 elementor-widget elementor-widget-heading\" data-id=\"8d7e2b1\" data-element_type=\"widget\" data-widget_type=\"heading.default\">\n\t\t\t\t<div class=\"elementor-widget-container\">\n\t\t\t<h1 class=\"elementor-heading-title elementor-size-default\">Architektur und Vergabemanagement mit positiver Vision<\/h1>\t\t<\/div>\n\t\t\t\t<\/div>\n\t\t\t\t<div class=\"elementor-element elementor-element-f8916a2 elementor-widget elementor-widget-text-editor\" data-id=\"f8916a2\" data-element_type=\"widget\" data-widget_type=\"text-editor.default\">\n\t\t\t\t<div class=\"elementor-widget-container\">\n\t\t\t\t\t\t\t<p style=\"margin-bottom: 0cm;\"><span style=\"font-size: 18px; letter-spacing: 0px; color: #000000; font-family: 'Bahnschrift Light', sans-serif;\"><span style=\"font-size: 18px;\">\u00a0<\/span><\/span><\/p><p style=\"margin-bottom: 0cm;\"><span style=\"font-size: 18px; letter-spacing: 0px; color: #000000; font-family: 'Bahnschrift Light', sans-serif;\"><span style=\"font-size: 18px;\">Ziel des B\u00fcros sind anspruchsvolle, sozial und \u00f6kologisch hochwertige Bauvorhaben. Um dies zu erreichen, bringt jedes Teammitglied seine kreativen Ideen und L\u00f6sungen in die Architektur ein. sucrea architekten realisiert Bauvorhaben im Bereich privater und sozialer Wohnungsbau, Schulbau, Logistik und Gewerbe sowie Vergabemanagement. <\/span><\/span><span style=\"font-size: 18px; letter-spacing: 0px;\">\u00a0<\/span><\/p><p style=\"margin-bottom: 0cm;\"><span style=\"color: #000000; font-family: Bahnschrift Light, sans-serif;\"><span style=\"font-size: 18px;\">\u00a0<\/span><\/span><\/p><p style=\"margin-bottom: 0cm;\"><strong><span style=\"color: #000000; font-family: Bahnschrift Light, sans-serif;\"><span style=\"font-size: 18px;\">Pers\u00f6nliche Bed\u00fcrfnisse<\/span><\/span><\/strong><\/p><p style=\"margin-bottom: 0cm;\"><span style=\"color: #000000; font-family: Bahnschrift Light, sans-serif;\"><span style=\"font-size: 18px;\">Wir besch\u00e4ftigen uns eingehend mit Ihren pers\u00f6nlichen, individuellen Bed\u00fcrfnissen. Ihre Vorstellungen, Ihre Gesundheit und Ihre finanziellen M\u00f6glichkeiten sind f\u00fcr uns wichtig.<\/span><\/span><\/p><p style=\"margin-bottom: 0cm;\"><span style=\"color: #000000; font-family: Bahnschrift Light, sans-serif;\"><span style=\"font-size: 18px;\">\u00a0<\/span><\/span><\/p><p style=\"margin-bottom: 0cm;\"><strong><span style=\"color: #000000; font-family: Bahnschrift Light, sans-serif;\"><span style=\"font-size: 18px;\">\u00d6kologische L\u00f6sungen<\/span><\/span><\/strong><\/p><p style=\"margin-bottom: 0cm;\"><span style=\"color: #000000; font-family: Bahnschrift Light, sans-serif;\"><span style=\"font-size: 18px;\">\u00d6kologische L\u00f6sungen haben positive Auswirkungen auf Ihr Wohlbefinden und auf die Umwelt.\u00a0<\/span><\/span><\/p><p style=\"margin-bottom: 0cm;\"><span style=\"color: #000000; font-family: Bahnschrift Light, sans-serif;\"><span style=\"font-size: 18px;\">Deswegen kooperieren wir langfristig mit verschiedenen Firmen um Ihnen die bestm\u00f6gliche Bauweise zu bieten.\u00a0<\/span><\/span><\/p><p style=\"margin-bottom: 0cm;\"><span style=\"color: #000000; font-family: Bahnschrift Light, sans-serif;\"><span style=\"font-size: 18px;\">Dabei m\u00fcssen finanzielle, rechtliche und sicherheitstechnische Aspekte ber\u00fccksichtigt werden, sodass langfristig sinnvolle L\u00f6sungen umgesetzt werden k\u00f6nnen.<\/span><\/span><\/p><p style=\"margin-bottom: 0cm;\"><span style=\"color: #000000; font-family: Bahnschrift Light, sans-serif;\"><span style=\"font-size: 18px;\">\u00a0<\/span><\/span><\/p><p style=\"margin-bottom: 0cm;\"><strong><span style=\"color: #000000; font-family: Bahnschrift Light, sans-serif;\"><span style=\"font-size: 18px;\">Soziale Aspekte<\/span><\/span><\/strong><\/p><p style=\"margin-bottom: 0cm;\"><span style=\"color: #000000; font-family: Bahnschrift Light, sans-serif;\"><span style=\"font-size: 18px;\">R\u00e4ume und Geb\u00e4ude haben einen gro\u00dfen Einfluss auf das Leben einer einzelner Person, auf das Zusammenleben der Familie oder der gr\u00f6\u00dferen Gemeinschaft. Wir helfen gerne dabei, Ihre Vorstellungen umzusetzen, damit Sie langfristig zufrieden leben und arbeiten k\u00f6nnen.<\/span><\/span><\/p><p style=\"margin-bottom: 0cm;\"><span style=\"color: #000000; font-family: Bahnschrift Light, sans-serif;\"><span style=\"font-size: 18px;\">\u00a0<\/span><\/span><\/p><p style=\"margin-bottom: 0cm;\"><strong><span style=\"color: #000000; font-family: Bahnschrift Light, sans-serif;\"><span style=\"font-size: 18px;\">Internationale Kooperation<\/span><\/span><\/strong><\/p><p style=\"margin-bottom: 0cm;\"><span style=\"color: #000000; font-family: Bahnschrift Light, sans-serif;\"><span style=\"font-size: 18px;\">Damit Ihr Bauvorhaben gelingt und z\u00fcgig umgesetzt wird, arbeiten wir langfristig mit den m\u00f6glichst besten Baufirmen und Planungsb\u00fcros zusammen. Falls n\u00f6tig, setzen wir Ihr Vorhaben auch in internationaler Kooperation um.\u00a0<\/span><\/span><\/p><p style=\"margin-bottom: 0cm;\"><span style=\"color: #000000; font-family: Bahnschrift Light, sans-serif;\"><span style=\"font-size: 18px;\">\u00a0 \u00a0<\/span><\/span><\/p>\t\t\t\t\t\t<\/div>\n\t\t\t\t<\/div>\n\t\t\t\t\t<\/div>\n\t\t<\/div>\n\t\t\t\t<div class=\"elementor-column elementor-col-50 elementor-top-column elementor-element elementor-element-6d0f6ac\" data-id=\"6d0f6ac\" data-element_type=\"column\">\n\t\t\t<div class=\"elementor-widget-wrap elementor-element-populated\">\n\t\t\t\t\t\t<div class=\"elementor-element elementor-element-5240a72 elementor-widget elementor-widget-image\" data-id=\"5240a72\" data-element_type=\"widget\" data-widget_type=\"image.default\">\n\t\t\t\t<div class=\"elementor-widget-container\">\n\t\t\t\t\t\t\t\t\t\t\t\t\t<img fetchpriority=\"high\" decoding=\"async\" width=\"1024\" height=\"768\" src=\"https:\/\/sucrea.org\/wp-content\/uploads\/2025\/10\/IMG_20230519_153308-min-1024x768.jpg\" class=\"attachment-large size-large wp-image-1656\" alt=\"\" srcset=\"https:\/\/sucrea.org\/wp-content\/uploads\/2025\/10\/IMG_20230519_153308-min-1024x768.jpg 1024w, https:\/\/sucrea.org\/wp-content\/uploads\/2025\/10\/IMG_20230519_153308-min-300x225.jpg 300w, https:\/\/sucrea.org\/wp-content\/uploads\/2025\/10\/IMG_20230519_153308-min-768x576.jpg 768w, https:\/\/sucrea.org\/wp-content\/uploads\/2025\/10\/IMG_20230519_153308-min-1536x1152.jpg 1536w, https:\/\/sucrea.org\/wp-content\/uploads\/2025\/10\/IMG_20230519_153308-min-2048x1536.jpg 2048w\" sizes=\"(max-width: 1024px) 100vw, 1024px\" \/>\t\t\t\t\t\t\t\t\t\t\t\t\t<\/div>\n\t\t\t\t<\/div>\n\t\t\t\t<div class=\"elementor-element elementor-element-c9a028d elementor-widget elementor-widget-image\" data-id=\"c9a028d\" data-element_type=\"widget\" data-widget_type=\"image.default\">\n\t\t\t\t<div class=\"elementor-widget-container\">\n\t\t\t\t\t\t\t\t\t\t\t\t\t<img decoding=\"async\" width=\"1024\" height=\"576\" src=\"https:\/\/sucrea.org\/wp-content\/uploads\/2025\/10\/1.-Audimax-vorne-benutzen-min-min-1024x576.jpg\" class=\"attachment-large size-large wp-image-1705\" alt=\"\" srcset=\"https:\/\/sucrea.org\/wp-content\/uploads\/2025\/10\/1.-Audimax-vorne-benutzen-min-min-1024x576.jpg 1024w, https:\/\/sucrea.org\/wp-content\/uploads\/2025\/10\/1.-Audimax-vorne-benutzen-min-min-300x169.jpg 300w, https:\/\/sucrea.org\/wp-content\/uploads\/2025\/10\/1.-Audimax-vorne-benutzen-min-min-768x432.jpg 768w, https:\/\/sucrea.org\/wp-content\/uploads\/2025\/10\/1.-Audimax-vorne-benutzen-min-min-1536x864.jpg 1536w, https:\/\/sucrea.org\/wp-content\/uploads\/2025\/10\/1.-Audimax-vorne-benutzen-min-min-2048x1152.jpg 2048w, https:\/\/sucrea.org\/wp-content\/uploads\/2025\/10\/1.-Audimax-vorne-benutzen-min-min-800x450.jpg 800w\" sizes=\"(max-width: 1024px) 100vw, 1024px\" \/>\t\t\t\t\t\t\t\t\t\t\t\t\t<\/div>\n\t\t\t\t<\/div>\n\t\t\t\t<div class=\"elementor-element elementor-element-a44f00e elementor-widget elementor-widget-image\" data-id=\"a44f00e\" data-element_type=\"widget\" data-widget_type=\"image.default\">\n\t\t\t\t<div class=\"elementor-widget-container\">\n\t\t\t\t\t\t\t\t\t\t\t\t\t<img decoding=\"async\" width=\"1024\" height=\"716\" src=\"https:\/\/sucrea.org\/wp-content\/uploads\/2025\/09\/Letmathe-WP-auf-Dach-min3-1024x716.jpg\" class=\"attachment-large size-large wp-image-1347\" alt=\"\" srcset=\"https:\/\/sucrea.org\/wp-content\/uploads\/2025\/09\/Letmathe-WP-auf-Dach-min3-1024x716.jpg 1024w, https:\/\/sucrea.org\/wp-content\/uploads\/2025\/09\/Letmathe-WP-auf-Dach-min3-300x210.jpg 300w, https:\/\/sucrea.org\/wp-content\/uploads\/2025\/09\/Letmathe-WP-auf-Dach-min3-768x537.jpg 768w, https:\/\/sucrea.org\/wp-content\/uploads\/2025\/09\/Letmathe-WP-auf-Dach-min3-1536x1074.jpg 1536w, https:\/\/sucrea.org\/wp-content\/uploads\/2025\/09\/Letmathe-WP-auf-Dach-min3-2048x1432.jpg 2048w\" sizes=\"(max-width: 1024px) 100vw, 1024px\" \/>\t\t\t\t\t\t\t\t\t\t\t\t\t<\/div>\n\t\t\t\t<\/div>\n\t\t\t\t\t<\/div>\n\t\t<\/div>\n\t\t\t\t\t<\/div>\n\t\t<\/section>\n\t\t\t\t<section class=\"elementor-section elementor-top-section elementor-element elementor-element-6cca563 elementor-section-boxed elementor-section-height-default elementor-section-height-default\" data-id=\"6cca563\" data-element_type=\"section\">\n\t\t\t\t\t\t<div class=\"elementor-container elementor-column-gap-default\">\n\t\t\t\t\t<div class=\"elementor-column elementor-col-100 elementor-top-column elementor-element elementor-element-83ee3e1\" data-id=\"83ee3e1\" data-element_type=\"column\">\n\t\t\t<div class=\"elementor-widget-wrap elementor-element-populated\">\n\t\t\t\t\t\t<div class=\"elementor-element elementor-element-b505901 elementor-widget elementor-widget-image\" data-id=\"b505901\" data-element_type=\"widget\" data-widget_type=\"image.default\">\n\t\t\t\t<div class=\"elementor-widget-container\">\n\t\t\t\t\t\t\t\t\t\t\t\t\t<img loading=\"lazy\" decoding=\"async\" width=\"2560\" height=\"1920\" src=\"https:\/\/sucrea.org\/wp-content\/uploads\/2025\/10\/IMG_20231230_133906-min-scaled.jpg\" class=\"attachment-full size-full wp-image-1659\" alt=\"\" srcset=\"https:\/\/sucrea.org\/wp-content\/uploads\/2025\/10\/IMG_20231230_133906-min-scaled.jpg 2560w, https:\/\/sucrea.org\/wp-content\/uploads\/2025\/10\/IMG_20231230_133906-min-300x225.jpg 300w, https:\/\/sucrea.org\/wp-content\/uploads\/2025\/10\/IMG_20231230_133906-min-1024x768.jpg 1024w, https:\/\/sucrea.org\/wp-content\/uploads\/2025\/10\/IMG_20231230_133906-min-768x576.jpg 768w, https:\/\/sucrea.org\/wp-content\/uploads\/2025\/10\/IMG_20231230_133906-min-1536x1152.jpg 1536w, https:\/\/sucrea.org\/wp-content\/uploads\/2025\/10\/IMG_20231230_133906-min-2048x1536.jpg 2048w\" sizes=\"(max-width: 2560px) 100vw, 2560px\" \/>\t\t\t\t\t\t\t\t\t\t\t\t\t<\/div>\n\t\t\t\t<\/div>\n\t\t\t\t\t<\/div>\n\t\t<\/div>\n\t\t\t\t\t<\/div>\n\t\t<\/section>\n\t\t\t\t<\/div>\n\t\t","protected":false},"excerpt":{"rendered":"<p>Architektur und Vergabemanagement mit positiver Vision \u00a0 Ziel des B\u00fcros sind anspruchsvolle, sozial und \u00f6kologisch hochwertige Bauvorhaben. Um dies zu erreichen, bringt jedes Teammitglied seine kreativen Ideen und L\u00f6sungen in die Architektur ein. sucrea architekten realisiert Bauvorhaben im Bereich privater und sozialer Wohnungsbau, Schulbau, Logistik und Gewerbe sowie Vergabemanagement. \u00a0 \u00a0 Pers\u00f6nliche Bed\u00fcrfnisse Wir besch\u00e4ftigen [&hellip;]<\/p>\n","protected":false},"author":1,"featured_media":0,"parent":0,"menu_order":0,"comment_status":"closed","ping_status":"closed","template":"","meta":{"ocean_post_layout":"full-width","ocean_both_sidebars_style":"","ocean_both_sidebars_content_width":0,"ocean_both_sidebars_sidebars_width":0,"ocean_sidebar":"0","ocean_second_sidebar":"0","ocean_disable_margins":"enable","ocean_add_body_class":"","ocean_shortcode_before_top_bar":"","ocean_shortcode_after_top_bar":"","ocean_shortcode_before_header":"","ocean_shortcode_after_header":"","ocean_has_shortcode":"","ocean_shortcode_after_title":"","ocean_shortcode_before_footer_widgets":"","ocean_shortcode_after_footer_widgets":"","ocean_shortcode_before_footer_bottom":"","ocean_shortcode_after_footer_bottom":"","ocean_display_top_bar":"on","ocean_display_header":"on","ocean_header_style":"","ocean_center_header_left_menu":"0","ocean_custom_header_template":"0","ocean_custom_logo":0,"ocean_custom_retina_logo":0,"ocean_custom_logo_max_width":0,"ocean_custom_logo_tablet_max_width":0,"ocean_custom_logo_mobile_max_width":0,"ocean_custom_logo_max_height":0,"ocean_custom_logo_tablet_max_height":0,"ocean_custom_logo_mobile_max_height":0,"ocean_header_custom_menu":"0","ocean_menu_typo_font_family":"0","ocean_menu_typo_font_subset":"","ocean_menu_typo_font_size":0,"ocean_menu_typo_font_size_tablet":0,"ocean_menu_typo_font_size_mobile":0,"ocean_menu_typo_font_size_unit":"px","ocean_menu_typo_font_weight":"","ocean_menu_typo_font_weight_tablet":"","ocean_menu_typo_font_weight_mobile":"","ocean_menu_typo_transform":"","ocean_menu_typo_transform_tablet":"","ocean_menu_typo_transform_mobile":"","ocean_menu_typo_line_height":0,"ocean_menu_typo_line_height_tablet":0,"ocean_menu_typo_line_height_mobile":0,"ocean_menu_typo_line_height_unit":"","ocean_menu_typo_spacing":0,"ocean_menu_typo_spacing_tablet":0,"ocean_menu_typo_spacing_mobile":0,"ocean_menu_typo_spacing_unit":"","ocean_menu_link_color":"","ocean_menu_link_color_hover":"","ocean_menu_link_color_active":"","ocean_menu_link_background":"","ocean_menu_link_hover_background":"","ocean_menu_link_active_background":"","ocean_menu_social_links_bg":"","ocean_menu_social_hover_links_bg":"","ocean_menu_social_links_color":"","ocean_menu_social_hover_links_color":"","ocean_disable_title":"enable","ocean_disable_heading":"enable","ocean_post_title":"","ocean_post_subheading":"","ocean_post_title_style":"","ocean_post_title_background_color":"","ocean_post_title_background":0,"ocean_post_title_bg_image_position":"","ocean_post_title_bg_image_attachment":"","ocean_post_title_bg_image_repeat":"","ocean_post_title_bg_image_size":"","ocean_post_title_height":0,"ocean_post_title_bg_overlay":0.5,"ocean_post_title_bg_overlay_color":"","ocean_disable_breadcrumbs":"default","ocean_breadcrumbs_color":"","ocean_breadcrumbs_separator_color":"","ocean_breadcrumbs_links_color":"","ocean_breadcrumbs_links_hover_color":"","ocean_display_footer_widgets":"on","ocean_display_footer_bottom":"on","ocean_custom_footer_template":"0"},"_links":{"self":[{"href":"https:\/\/sucrea.org\/index.php?rest_route=\/wp\/v2\/pages\/17"}],"collection":[{"href":"https:\/\/sucrea.org\/index.php?rest_route=\/wp\/v2\/pages"}],"about":[{"href":"https:\/\/sucrea.org\/index.php?rest_route=\/wp\/v2\/types\/page"}],"author":[{"embeddable":true,"href":"https:\/\/sucrea.org\/index.php?rest_route=\/wp\/v2\/users\/1"}],"replies":[{"embeddable":true,"href":"https:\/\/sucrea.org\/index.php?rest_route=%2Fwp%2Fv2%2Fcomments&post=17"}],"version-history":[{"count":98,"href":"https:\/\/sucrea.org\/index.php?rest_route=\/wp\/v2\/pages\/17\/revisions"}],"predecessor-version":[{"id":1708,"href":"https:\/\/sucrea.org\/index.php?rest_route=\/wp\/v2\/pages\/17\/revisions\/1708"}],"wp:attachment":[{"href":"https:\/\/sucrea.org\/index.php?rest_route=%2Fwp%2Fv2%2Fmedia&parent=17"}],"curies":[{"name":"wp","href":"https:\/\/api.w.org\/{rel}","templated":true}]}}