{"id":1834,"date":"2025-12-05T09:17:38","date_gmt":"2025-12-05T09:17:38","guid":{"rendered":"https:\/\/sucrea.org\/?page_id=1834"},"modified":"2025-12-05T09:17:51","modified_gmt":"2025-12-05T09:17:51","slug":"leistungen-komplexe-architektur","status":"publish","type":"page","link":"https:\/\/sucrea.org\/?page_id=1834","title":{"rendered":"Leistungen komplexe Architektur"},"content":{"rendered":"\t\t<div data-elementor-type=\"wp-page\" data-elementor-id=\"1834\" class=\"elementor elementor-1834\">\n\t\t\t\t\t\t<section class=\"elementor-section elementor-top-section elementor-element elementor-element-44c7d47 elementor-section-boxed elementor-section-height-default elementor-section-height-default\" data-id=\"44c7d47\" data-element_type=\"section\">\n\t\t\t\t\t\t<div class=\"elementor-container elementor-column-gap-default\">\n\t\t\t\t\t<div class=\"elementor-column elementor-col-100 elementor-top-column elementor-element elementor-element-1a6877d\" data-id=\"1a6877d\" data-element_type=\"column\">\n\t\t\t<div class=\"elementor-widget-wrap\">\n\t\t\t\t\t\t\t<\/div>\n\t\t<\/div>\n\t\t\t\t\t<\/div>\n\t\t<\/section>\n\t\t\t\t<section class=\"elementor-section elementor-top-section elementor-element elementor-element-504ba20 elementor-section-boxed elementor-section-height-default elementor-section-height-default\" data-id=\"504ba20\" data-element_type=\"section\">\n\t\t\t\t\t\t<div class=\"elementor-container elementor-column-gap-default\">\n\t\t\t\t\t<div class=\"elementor-column elementor-col-50 elementor-top-column elementor-element elementor-element-96d84c6\" data-id=\"96d84c6\" data-element_type=\"column\">\n\t\t\t<div class=\"elementor-widget-wrap elementor-element-populated\">\n\t\t\t\t\t\t<div class=\"elementor-element elementor-element-7405696 elementor-widget elementor-widget-text-editor\" data-id=\"7405696\" data-element_type=\"widget\" data-widget_type=\"text-editor.default\">\n\t\t\t\t<div class=\"elementor-widget-container\">\n\t\t\t\t\t\t\t<ul><li style=\"font-variant-ligatures: normal; font-variant-caps: normal; font-family: Roboto, sans-serif; font-size: 14px; font-style: normal;\"><span style=\"font-size: large; color: #000000;\"><b>Sozialer Wohnungsbau, soziale Bauprojekte<\/b><\/span><\/li><li style=\"font-variant-ligatures: normal; font-variant-caps: normal; font-family: Roboto, sans-serif; font-size: 14px; font-style: normal;\"><span style=\"font-size: large; color: #000000;\"><b>Schul-, Kindergarten und KiTa-Bau<\/b><\/span><\/li><li style=\"font-variant-ligatures: normal; font-variant-caps: normal; font-family: Roboto, sans-serif; font-size: 14px; font-style: normal;\"><span style=\"font-size: large; color: #000000;\">\u00d6ffentliche Bauvorhaben<\/span><\/li><li style=\"font-variant-ligatures: normal; font-variant-caps: normal; font-family: Roboto, sans-serif; font-size: 14px; font-style: normal;\"><span style=\"font-size: large; color: #000000;\"><b>Logistik und Gewerbe (Industriehallen)<\/b><\/span><\/li><li style=\"font-variant-ligatures: normal; font-variant-caps: normal; font-family: Roboto, sans-serif; font-size: 14px; font-style: normal; font-weight: 400;\"><span style=\"font-size: large; color: #000000;\">Effektive, individuelle Planung und Umsetzung komplexer Bauvorhaben<\/span><\/li><li style=\"font-variant-ligatures: normal; font-variant-caps: normal; font-family: Roboto, sans-serif; font-size: 14px; font-style: normal; font-weight: 400;\"><span style=\"font-size: large; color: #000000;\">Umsetzung individueller W\u00fcnsche sowie \u00f6kologischer L\u00f6sungen und Bauteile sowie sowie sozialer Problemstellungen<\/span><\/li><li style=\"font-variant-ligatures: normal; font-variant-caps: normal; font-family: Roboto, sans-serif; font-size: 14px; font-style: normal; font-weight: 400;\"><span style=\"font-size: large; color: #000000;\">\u00dcbernahme des gesamten Planungsprozesses und der Bau\u00fcberwachung (LP1 bis LP8 HOAI)<\/span><\/li><li style=\"font-variant-ligatures: normal; font-variant-caps: normal; font-family: Roboto, sans-serif; font-size: 14px; font-style: normal; font-weight: 400;\"><span style=\"font-size: large; color: #000000;\">Entwicklung von Bauvorhaben und Machbarkeitsstudien (PL0 HOAI)<\/span><\/li><li style=\"font-variant-ligatures: normal; font-variant-caps: normal; font-family: Roboto, sans-serif; font-size: 14px; font-style: normal;\"><span style=\"font-size: large; color: #000000;\"><b>Asbest- und Schadstoffsanierung (HBCD, KMF u.a.) Planung und Durchf\u00fchrung<\/b><\/span><\/li><\/ul>\t\t\t\t\t\t<\/div>\n\t\t\t\t<\/div>\n\t\t\t\t\t<\/div>\n\t\t<\/div>\n\t\t\t\t<div class=\"elementor-column elementor-col-50 elementor-top-column elementor-element elementor-element-6ca7f11\" data-id=\"6ca7f11\" data-element_type=\"column\">\n\t\t\t<div class=\"elementor-widget-wrap elementor-element-populated\">\n\t\t\t\t\t\t<div class=\"elementor-element elementor-element-e38927f elementor-widget elementor-widget-image\" data-id=\"e38927f\" data-element_type=\"widget\" data-widget_type=\"image.default\">\n\t\t\t\t<div class=\"elementor-widget-container\">\n\t\t\t\t\t\t\t\t\t\t\t\t\t<img fetchpriority=\"high\" decoding=\"async\" width=\"638\" height=\"484\" src=\"https:\/\/sucrea.org\/wp-content\/uploads\/2020\/05\/\u00dcberdachung.jpg\" class=\"attachment-large size-large wp-image-219\" alt=\"\" srcset=\"https:\/\/sucrea.org\/wp-content\/uploads\/2020\/05\/\u00dcberdachung.jpg 638w, https:\/\/sucrea.org\/wp-content\/uploads\/2020\/05\/\u00dcberdachung-300x228.jpg 300w\" sizes=\"(max-width: 638px) 100vw, 638px\" \/>\t\t\t\t\t\t\t\t\t\t\t\t\t<\/div>\n\t\t\t\t<\/div>\n\t\t\t\t\t<\/div>\n\t\t<\/div>\n\t\t\t\t\t<\/div>\n\t\t<\/section>\n\t\t\t\t<\/div>\n\t\t","protected":false},"excerpt":{"rendered":"<p>Sozialer Wohnungsbau, soziale Bauprojekte Schul-, Kindergarten und KiTa-Bau \u00d6ffentliche Bauvorhaben Logistik und Gewerbe (Industriehallen) Effektive, individuelle Planung und Umsetzung komplexer Bauvorhaben Umsetzung individueller W\u00fcnsche sowie \u00f6kologischer L\u00f6sungen und Bauteile sowie sowie sozialer Problemstellungen \u00dcbernahme des gesamten Planungsprozesses und der Bau\u00fcberwachung (LP1 bis LP8 HOAI) Entwicklung von Bauvorhaben und Machbarkeitsstudien (PL0 HOAI) Asbest- und Schadstoffsanierung (HBCD, [&hellip;]<\/p>\n","protected":false},"author":1,"featured_media":0,"parent":0,"menu_order":0,"comment_status":"closed","ping_status":"closed","template":"","meta":{"ocean_post_layout":"","ocean_both_sidebars_style":"","ocean_both_sidebars_content_width":0,"ocean_both_sidebars_sidebars_width":0,"ocean_sidebar":"","ocean_second_sidebar":"","ocean_disable_margins":"enable","ocean_add_body_class":"","ocean_shortcode_before_top_bar":"","ocean_shortcode_after_top_bar":"","ocean_shortcode_before_header":"","ocean_shortcode_after_header":"","ocean_has_shortcode":"","ocean_shortcode_after_title":"","ocean_shortcode_before_footer_widgets":"","ocean_shortcode_after_footer_widgets":"","ocean_shortcode_before_footer_bottom":"","ocean_shortcode_after_footer_bottom":"","ocean_display_top_bar":"default","ocean_display_header":"default","ocean_header_style":"","ocean_center_header_left_menu":"","ocean_custom_header_template":"","ocean_custom_logo":0,"ocean_custom_retina_logo":0,"ocean_custom_logo_max_width":0,"ocean_custom_logo_tablet_max_width":0,"ocean_custom_logo_mobile_max_width":0,"ocean_custom_logo_max_height":0,"ocean_custom_logo_tablet_max_height":0,"ocean_custom_logo_mobile_max_height":0,"ocean_header_custom_menu":"","ocean_menu_typo_font_family":"","ocean_menu_typo_font_subset":"","ocean_menu_typo_font_size":0,"ocean_menu_typo_font_size_tablet":0,"ocean_menu_typo_font_size_mobile":0,"ocean_menu_typo_font_size_unit":"px","ocean_menu_typo_font_weight":"","ocean_menu_typo_font_weight_tablet":"","ocean_menu_typo_font_weight_mobile":"","ocean_menu_typo_transform":"","ocean_menu_typo_transform_tablet":"","ocean_menu_typo_transform_mobile":"","ocean_menu_typo_line_height":0,"ocean_menu_typo_line_height_tablet":0,"ocean_menu_typo_line_height_mobile":0,"ocean_menu_typo_line_height_unit":"","ocean_menu_typo_spacing":0,"ocean_menu_typo_spacing_tablet":0,"ocean_menu_typo_spacing_mobile":0,"ocean_menu_typo_spacing_unit":"","ocean_menu_link_color":"","ocean_menu_link_color_hover":"","ocean_menu_link_color_active":"","ocean_menu_link_background":"","ocean_menu_link_hover_background":"","ocean_menu_link_active_background":"","ocean_menu_social_links_bg":"","ocean_menu_social_hover_links_bg":"","ocean_menu_social_links_color":"","ocean_menu_social_hover_links_color":"","ocean_disable_title":"default","ocean_disable_heading":"default","ocean_post_title":"","ocean_post_subheading":"","ocean_post_title_style":"","ocean_post_title_background_color":"","ocean_post_title_background":0,"ocean_post_title_bg_image_position":"","ocean_post_title_bg_image_attachment":"","ocean_post_title_bg_image_repeat":"","ocean_post_title_bg_image_size":"","ocean_post_title_height":0,"ocean_post_title_bg_overlay":0.5,"ocean_post_title_bg_overlay_color":"","ocean_disable_breadcrumbs":"default","ocean_breadcrumbs_color":"","ocean_breadcrumbs_separator_color":"","ocean_breadcrumbs_links_color":"","ocean_breadcrumbs_links_hover_color":"","ocean_display_footer_widgets":"default","ocean_display_footer_bottom":"default","ocean_custom_footer_template":""},"_links":{"self":[{"href":"https:\/\/sucrea.org\/index.php?rest_route=\/wp\/v2\/pages\/1834"}],"collection":[{"href":"https:\/\/sucrea.org\/index.php?rest_route=\/wp\/v2\/pages"}],"about":[{"href":"https:\/\/sucrea.org\/index.php?rest_route=\/wp\/v2\/types\/page"}],"author":[{"embeddable":true,"href":"https:\/\/sucrea.org\/index.php?rest_route=\/wp\/v2\/users\/1"}],"replies":[{"embeddable":true,"href":"https:\/\/sucrea.org\/index.php?rest_route=%2Fwp%2Fv2%2Fcomments&post=1834"}],"version-history":[{"count":4,"href":"https:\/\/sucrea.org\/index.php?rest_route=\/wp\/v2\/pages\/1834\/revisions"}],"predecessor-version":[{"id":1838,"href":"https:\/\/sucrea.org\/index.php?rest_route=\/wp\/v2\/pages\/1834\/revisions\/1838"}],"wp:attachment":[{"href":"https:\/\/sucrea.org\/index.php?rest_route=%2Fwp%2Fv2%2Fmedia&parent=1834"}],"curies":[{"name":"wp","href":"https:\/\/api.w.org\/{rel}","templated":true}]}}