{"id":1969,"date":"2025-12-05T13:40:07","date_gmt":"2025-12-05T13:40:07","guid":{"rendered":"https:\/\/sucrea.org\/?page_id=1969"},"modified":"2025-12-05T15:29:25","modified_gmt":"2025-12-05T15:29:25","slug":"geschichte-konzept","status":"publish","type":"page","link":"https:\/\/sucrea.org\/?page_id=1969","title":{"rendered":"Geschichte, Konzept"},"content":{"rendered":"\t\t<div data-elementor-type=\"wp-page\" data-elementor-id=\"1969\" class=\"elementor elementor-1969\">\n\t\t\t\t\t\t<section class=\"elementor-section elementor-top-section elementor-element elementor-element-49ca0b4 elementor-section-boxed elementor-section-height-default elementor-section-height-default\" data-id=\"49ca0b4\" data-element_type=\"section\">\n\t\t\t\t\t\t<div class=\"elementor-container elementor-column-gap-default\">\n\t\t\t\t\t<div class=\"elementor-column elementor-col-50 elementor-top-column elementor-element elementor-element-0893391\" data-id=\"0893391\" data-element_type=\"column\">\n\t\t\t<div class=\"elementor-widget-wrap elementor-element-populated\">\n\t\t\t\t\t\t<div class=\"elementor-element elementor-element-d96d753 elementor-widget elementor-widget-heading\" data-id=\"d96d753\" data-element_type=\"widget\" data-widget_type=\"heading.default\">\n\t\t\t\t<div class=\"elementor-widget-container\">\n\t\t\t<h1 class=\"elementor-heading-title elementor-size-default\">Geschichte, Konzept<\/h1>\t\t<\/div>\n\t\t\t\t<\/div>\n\t\t\t\t<div class=\"elementor-element elementor-element-3f8cc9d elementor-widget elementor-widget-text-editor\" data-id=\"3f8cc9d\" data-element_type=\"widget\" data-widget_type=\"text-editor.default\">\n\t\t\t\t<div class=\"elementor-widget-container\">\n\t\t\t\t\t\t\t<p style=\"margin-bottom: 0cm;\"><span style=\"font-size: 18px; letter-spacing: 0px; color: #000000; font-family: 'Bahnschrift Light', sans-serif;\"><span style=\"font-size: 18px;\"><b>Geschichte\u00a0<\/b><\/span><\/span><\/p><p><span style=\"font-family: 'Bahnschrift Light',sans-serif; mso-bidi-font-family: Calibri;\">sucrea architeken wurde am 07.07.2025 gegr\u00fcndet. <\/span><\/p><p><span style=\"font-family: 'Bahnschrift Light',sans-serif; mso-bidi-font-family: Calibri;\">Der Vorl\u00e4ufer von sucrea architekten war das Einzelunternehmen sustainable creativity von Lewin Di Giovine, der gemeinsam mit Kollegen minidesignh\u00e4user entwarf, baute und vertrieb. <\/span><\/p><p><span style=\"font-family: 'Bahnschrift Light',sans-serif; mso-bidi-font-family: Calibri;\">Charakteristisch f\u00fcr die H\u00e4user war Geb\u00e4udeintegrierte Photovoltaik, innovatives Design und ausgekl\u00fcgelte Haustechnik. Die Entwicklung wurde von einem Professor f\u00fcr Bauphysik und Student*nnen der Hochschule Bochum unterst\u00fctzt. <\/span><\/p><p>\u00a0<\/p><p><span style=\"font-family: 'Bahnschrift Light',sans-serif; mso-bidi-font-family: Calibri;\">Nach dem Studium der Architektur, einiger Erfahrung in verschiedenen Architekturb\u00fcros und auf Bauherrenseite entschlossen sich Khaled H. und Lewin Di Giovine ein Konzept f\u00fcr ein eigenes Architekturb\u00fcro zu entwickeln.\u00a0<\/span><\/p><p style=\"margin-bottom: 0cm;\"><span style=\"font-family: 'Bahnschrift Light', sans-serif; font-size: 18px; letter-spacing: 0px;\"><span style=\"color: #000000;\"><b>Konzept<\/b><\/span><\/span><\/p><p style=\"margin-bottom: 0cm;\"><span style=\"font-family: 'Bahnschrift Light', sans-serif; font-size: 18px; letter-spacing: 0px;\">Im Konzept wurde von Anfang an das Ziel gesetzt,\u00a0<\/span><span style=\"font-family: 'Bahnschrift Light', sans-serif; font-size: 18px; letter-spacing: 0px;\">auch komplexe Bauvorhaben realisieren zu k\u00f6nnen. Deswegen strebt sucrea architekten eine Kooperation mit anderen Architekten, Architekturb\u00fcros, Fachplanern der Statik, TGA, Brandschutz u.a. an. Der Ansatz ist eine Zusammenarbeit in Form<\/span><\/p><p style=\"margin-left: 36.0pt; text-indent: -18.0pt; mso-list: l0 level1 lfo1;\"><!-- [if !supportLists]--><span style=\"font-family: 'Bahnschrift Light',sans-serif; mso-fareast-font-family: 'Bahnschrift Light'; mso-bidi-font-family: 'Bahnschrift Light';\">a)<span style=\"font: 7.0pt 'Times New Roman';\">\u00a0\u00a0\u00a0\u00a0 <\/span><\/span><!--[endif]--><span style=\"font-family: 'Bahnschrift Light',sans-serif; mso-bidi-font-family: Calibri;\">eines Netzes von kompetenten Partnern <\/span><\/p><p style=\"margin-left: 36.0pt; text-indent: -18.0pt; mso-list: l0 level1 lfo1;\"><!-- [if !supportLists]--><span style=\"font-family: 'Bahnschrift Light',sans-serif; mso-fareast-font-family: 'Bahnschrift Light'; mso-bidi-font-family: 'Bahnschrift Light';\">b)<span style=\"font: 7.0pt 'Times New Roman';\">\u00a0\u00a0\u00a0\u00a0 <\/span><\/span><!--[endif]--><span style=\"font-family: 'Bahnschrift Light',sans-serif; mso-bidi-font-family: Calibri;\">integral als Mitarbeiter*n\/Partner*n <\/span><\/p><p><span style=\"font-family: 'Bahnschrift Light',sans-serif; mso-bidi-font-family: Calibri;\">Es sollen m\u00f6glichst alle Aspekte des Planens und Bauens unterschiedlicher Nutzung abgedeckt werden. <\/span><\/p><p><span style=\"font-family: 'Bahnschrift Light',sans-serif; mso-bidi-font-family: Calibri;\">L\u00f6sungen werden kontinuierlich bereits vor Auftragserteilung durchdacht und vorbereitet. Mit Partnerbaufirmen wird eine Pr\u00e4fabrikation der Bauteile vorbereitet, die \u00f6kologische, \u00f6konomische, rechtliche und soziale Aspekte ber\u00fccksichtigt. <\/span><\/p><p><span style=\"font-family: 'Bahnschrift Light',sans-serif; mso-bidi-font-family: Calibri;\">Dadurch steht den (zuk\u00fcnftigen) Bauherren eine ausgefeilte Palette an durchdachten L\u00f6sungen zur Verf\u00fcgung, die nicht erst unter Zeitdruck ausgedacht werden m\u00fcssen. <\/span><\/p><p><span style=\"font-family: 'Bahnschrift Light',sans-serif; mso-bidi-font-family: Calibri;\">sucrea architekten arbeitet somit kontinuierlich an Bauteilverbesserungen\/Bauteilentwicklung, die den Bauherren angeboten werden k\u00f6nnen. <\/span><\/p><p style=\"margin-bottom: 0cm;\">\u00a0<\/p><p><span style=\"font-family: 'Bahnschrift Light',sans-serif; mso-bidi-font-family: Calibri;\">Eine wesentliche Herausforderung der Zeit ist u.a. der Klimawandel und damit das klimaresiliente Planen und Bauen. Dies betrifft auch in besonderem Ma\u00dfe Architekten, die Einfluss auf die Materialwahl, den<br \/>Bauteilaufbau und die Gestaltung des Au\u00dfenbereiches haben. Auch in diesem Bereich strebt sucrea architekten eine kontinuierliche L\u00f6sungsfindung und Kooperation an.\u00a0<\/span><\/p><p style=\"margin-bottom: 0cm;\"><span style=\"color: #000000; font-family: Bahnschrift Light, sans-serif;\"><span style=\"font-size: 18px;\">\u00a0 \u00a0<\/span><\/span><\/p>\t\t\t\t\t\t<\/div>\n\t\t\t\t<\/div>\n\t\t\t\t\t<\/div>\n\t\t<\/div>\n\t\t\t\t<div class=\"elementor-column elementor-col-50 elementor-top-column elementor-element elementor-element-bdee38b\" data-id=\"bdee38b\" data-element_type=\"column\">\n\t\t\t<div class=\"elementor-widget-wrap elementor-element-populated\">\n\t\t\t\t\t\t<div class=\"elementor-element elementor-element-a3d3704 elementor-widget elementor-widget-image\" data-id=\"a3d3704\" data-element_type=\"widget\" data-widget_type=\"image.default\">\n\t\t\t\t<div class=\"elementor-widget-container\">\n\t\t\t\t\t\t\t\t\t\t\t\t\t<img fetchpriority=\"high\" decoding=\"async\" width=\"1024\" height=\"768\" src=\"https:\/\/sucrea.org\/wp-content\/uploads\/2025\/10\/IMG_20230519_153308-min-1024x768.jpg\" class=\"attachment-large size-large wp-image-1656\" alt=\"\" srcset=\"https:\/\/sucrea.org\/wp-content\/uploads\/2025\/10\/IMG_20230519_153308-min-1024x768.jpg 1024w, https:\/\/sucrea.org\/wp-content\/uploads\/2025\/10\/IMG_20230519_153308-min-300x225.jpg 300w, https:\/\/sucrea.org\/wp-content\/uploads\/2025\/10\/IMG_20230519_153308-min-768x576.jpg 768w, https:\/\/sucrea.org\/wp-content\/uploads\/2025\/10\/IMG_20230519_153308-min-1536x1152.jpg 1536w, https:\/\/sucrea.org\/wp-content\/uploads\/2025\/10\/IMG_20230519_153308-min-2048x1536.jpg 2048w\" sizes=\"(max-width: 1024px) 100vw, 1024px\" \/>\t\t\t\t\t\t\t\t\t\t\t\t\t<\/div>\n\t\t\t\t<\/div>\n\t\t\t\t<div class=\"elementor-element elementor-element-17e2ae1 elementor-widget elementor-widget-image\" data-id=\"17e2ae1\" data-element_type=\"widget\" data-widget_type=\"image.default\">\n\t\t\t\t<div class=\"elementor-widget-container\">\n\t\t\t\t\t\t\t\t\t\t\t\t\t<img decoding=\"async\" width=\"1024\" height=\"576\" src=\"https:\/\/sucrea.org\/wp-content\/uploads\/2025\/10\/1.-Audimax-vorne-benutzen-min-min-1024x576.jpg\" class=\"attachment-large size-large wp-image-1705\" alt=\"\" srcset=\"https:\/\/sucrea.org\/wp-content\/uploads\/2025\/10\/1.-Audimax-vorne-benutzen-min-min-1024x576.jpg 1024w, https:\/\/sucrea.org\/wp-content\/uploads\/2025\/10\/1.-Audimax-vorne-benutzen-min-min-300x169.jpg 300w, https:\/\/sucrea.org\/wp-content\/uploads\/2025\/10\/1.-Audimax-vorne-benutzen-min-min-768x432.jpg 768w, https:\/\/sucrea.org\/wp-content\/uploads\/2025\/10\/1.-Audimax-vorne-benutzen-min-min-1536x864.jpg 1536w, https:\/\/sucrea.org\/wp-content\/uploads\/2025\/10\/1.-Audimax-vorne-benutzen-min-min-2048x1152.jpg 2048w, https:\/\/sucrea.org\/wp-content\/uploads\/2025\/10\/1.-Audimax-vorne-benutzen-min-min-800x450.jpg 800w\" sizes=\"(max-width: 1024px) 100vw, 1024px\" \/>\t\t\t\t\t\t\t\t\t\t\t\t\t<\/div>\n\t\t\t\t<\/div>\n\t\t\t\t<div class=\"elementor-element elementor-element-3cb5ab1 elementor-widget elementor-widget-image\" data-id=\"3cb5ab1\" data-element_type=\"widget\" data-widget_type=\"image.default\">\n\t\t\t\t<div class=\"elementor-widget-container\">\n\t\t\t\t\t\t\t\t\t\t\t\t\t<img decoding=\"async\" width=\"1024\" height=\"716\" src=\"https:\/\/sucrea.org\/wp-content\/uploads\/2025\/09\/Letmathe-WP-auf-Dach-min3-1024x716.jpg\" class=\"attachment-large size-large wp-image-1347\" alt=\"\" srcset=\"https:\/\/sucrea.org\/wp-content\/uploads\/2025\/09\/Letmathe-WP-auf-Dach-min3-1024x716.jpg 1024w, https:\/\/sucrea.org\/wp-content\/uploads\/2025\/09\/Letmathe-WP-auf-Dach-min3-300x210.jpg 300w, https:\/\/sucrea.org\/wp-content\/uploads\/2025\/09\/Letmathe-WP-auf-Dach-min3-768x537.jpg 768w, https:\/\/sucrea.org\/wp-content\/uploads\/2025\/09\/Letmathe-WP-auf-Dach-min3-1536x1074.jpg 1536w, https:\/\/sucrea.org\/wp-content\/uploads\/2025\/09\/Letmathe-WP-auf-Dach-min3-2048x1432.jpg 2048w\" sizes=\"(max-width: 1024px) 100vw, 1024px\" \/>\t\t\t\t\t\t\t\t\t\t\t\t\t<\/div>\n\t\t\t\t<\/div>\n\t\t\t\t\t<\/div>\n\t\t<\/div>\n\t\t\t\t\t<\/div>\n\t\t<\/section>\n\t\t\t\t<\/div>\n\t\t","protected":false},"excerpt":{"rendered":"<p>Geschichte, Konzept Geschichte\u00a0 sucrea architeken wurde am 07.07.2025 gegr\u00fcndet. Der Vorl\u00e4ufer von sucrea architekten war das Einzelunternehmen sustainable creativity von Lewin Di Giovine, der gemeinsam mit Kollegen minidesignh\u00e4user entwarf, baute und vertrieb. Charakteristisch f\u00fcr die H\u00e4user war Geb\u00e4udeintegrierte Photovoltaik, innovatives Design und ausgekl\u00fcgelte Haustechnik. Die Entwicklung wurde von einem Professor f\u00fcr Bauphysik und Student*nnen der [&hellip;]<\/p>\n","protected":false},"author":1,"featured_media":0,"parent":0,"menu_order":0,"comment_status":"closed","ping_status":"closed","template":"","meta":{"ocean_post_layout":"","ocean_both_sidebars_style":"","ocean_both_sidebars_content_width":0,"ocean_both_sidebars_sidebars_width":0,"ocean_sidebar":"","ocean_second_sidebar":"","ocean_disable_margins":"enable","ocean_add_body_class":"","ocean_shortcode_before_top_bar":"","ocean_shortcode_after_top_bar":"","ocean_shortcode_before_header":"","ocean_shortcode_after_header":"","ocean_has_shortcode":"","ocean_shortcode_after_title":"","ocean_shortcode_before_footer_widgets":"","ocean_shortcode_after_footer_widgets":"","ocean_shortcode_before_footer_bottom":"","ocean_shortcode_after_footer_bottom":"","ocean_display_top_bar":"default","ocean_display_header":"default","ocean_header_style":"","ocean_center_header_left_menu":"","ocean_custom_header_template":"","ocean_custom_logo":0,"ocean_custom_retina_logo":0,"ocean_custom_logo_max_width":0,"ocean_custom_logo_tablet_max_width":0,"ocean_custom_logo_mobile_max_width":0,"ocean_custom_logo_max_height":0,"ocean_custom_logo_tablet_max_height":0,"ocean_custom_logo_mobile_max_height":0,"ocean_header_custom_menu":"","ocean_menu_typo_font_family":"","ocean_menu_typo_font_subset":"","ocean_menu_typo_font_size":0,"ocean_menu_typo_font_size_tablet":0,"ocean_menu_typo_font_size_mobile":0,"ocean_menu_typo_font_size_unit":"px","ocean_menu_typo_font_weight":"","ocean_menu_typo_font_weight_tablet":"","ocean_menu_typo_font_weight_mobile":"","ocean_menu_typo_transform":"","ocean_menu_typo_transform_tablet":"","ocean_menu_typo_transform_mobile":"","ocean_menu_typo_line_height":0,"ocean_menu_typo_line_height_tablet":0,"ocean_menu_typo_line_height_mobile":0,"ocean_menu_typo_line_height_unit":"","ocean_menu_typo_spacing":0,"ocean_menu_typo_spacing_tablet":0,"ocean_menu_typo_spacing_mobile":0,"ocean_menu_typo_spacing_unit":"","ocean_menu_link_color":"","ocean_menu_link_color_hover":"","ocean_menu_link_color_active":"","ocean_menu_link_background":"","ocean_menu_link_hover_background":"","ocean_menu_link_active_background":"","ocean_menu_social_links_bg":"","ocean_menu_social_hover_links_bg":"","ocean_menu_social_links_color":"","ocean_menu_social_hover_links_color":"","ocean_disable_title":"default","ocean_disable_heading":"default","ocean_post_title":"","ocean_post_subheading":"","ocean_post_title_style":"","ocean_post_title_background_color":"","ocean_post_title_background":0,"ocean_post_title_bg_image_position":"","ocean_post_title_bg_image_attachment":"","ocean_post_title_bg_image_repeat":"","ocean_post_title_bg_image_size":"","ocean_post_title_height":0,"ocean_post_title_bg_overlay":0.5,"ocean_post_title_bg_overlay_color":"","ocean_disable_breadcrumbs":"default","ocean_breadcrumbs_color":"","ocean_breadcrumbs_separator_color":"","ocean_breadcrumbs_links_color":"","ocean_breadcrumbs_links_hover_color":"","ocean_display_footer_widgets":"default","ocean_display_footer_bottom":"default","ocean_custom_footer_template":""},"_links":{"self":[{"href":"https:\/\/sucrea.org\/index.php?rest_route=\/wp\/v2\/pages\/1969"}],"collection":[{"href":"https:\/\/sucrea.org\/index.php?rest_route=\/wp\/v2\/pages"}],"about":[{"href":"https:\/\/sucrea.org\/index.php?rest_route=\/wp\/v2\/types\/page"}],"author":[{"embeddable":true,"href":"https:\/\/sucrea.org\/index.php?rest_route=\/wp\/v2\/users\/1"}],"replies":[{"embeddable":true,"href":"https:\/\/sucrea.org\/index.php?rest_route=%2Fwp%2Fv2%2Fcomments&post=1969"}],"version-history":[{"count":32,"href":"https:\/\/sucrea.org\/index.php?rest_route=\/wp\/v2\/pages\/1969\/revisions"}],"predecessor-version":[{"id":2025,"href":"https:\/\/sucrea.org\/index.php?rest_route=\/wp\/v2\/pages\/1969\/revisions\/2025"}],"wp:attachment":[{"href":"https:\/\/sucrea.org\/index.php?rest_route=%2Fwp%2Fv2%2Fmedia&parent=1969"}],"curies":[{"name":"wp","href":"https:\/\/api.w.org\/{rel}","templated":true}]}}