{"id":1998,"date":"2025-12-05T15:06:12","date_gmt":"2025-12-05T15:06:12","guid":{"rendered":"https:\/\/sucrea.org\/?page_id=1998"},"modified":"2025-12-05T15:09:16","modified_gmt":"2025-12-05T15:09:16","slug":"zusammenarbeit","status":"publish","type":"page","link":"https:\/\/sucrea.org\/?page_id=1998","title":{"rendered":"Zusammenarbeit"},"content":{"rendered":"\t\t<div data-elementor-type=\"wp-page\" data-elementor-id=\"1998\" class=\"elementor elementor-1998\">\n\t\t\t\t\t\t<section class=\"elementor-section elementor-top-section elementor-element elementor-element-920cc72 elementor-section-boxed elementor-section-height-default elementor-section-height-default\" data-id=\"920cc72\" data-element_type=\"section\">\n\t\t\t\t\t\t<div class=\"elementor-container elementor-column-gap-default\">\n\t\t\t\t\t<div class=\"elementor-column elementor-col-100 elementor-top-column elementor-element elementor-element-6dd9d5d\" data-id=\"6dd9d5d\" data-element_type=\"column\">\n\t\t\t<div class=\"elementor-widget-wrap\">\n\t\t\t\t\t\t\t<\/div>\n\t\t<\/div>\n\t\t\t\t\t<\/div>\n\t\t<\/section>\n\t\t\t\t<section class=\"elementor-section elementor-top-section elementor-element elementor-element-3fc59ca elementor-section-boxed elementor-section-height-default elementor-section-height-default\" data-id=\"3fc59ca\" data-element_type=\"section\">\n\t\t\t\t\t\t<div class=\"elementor-container elementor-column-gap-default\">\n\t\t\t\t\t<div class=\"elementor-column elementor-col-50 elementor-top-column elementor-element elementor-element-708ae6f\" data-id=\"708ae6f\" data-element_type=\"column\">\n\t\t\t<div class=\"elementor-widget-wrap elementor-element-populated\">\n\t\t\t\t\t\t<div class=\"elementor-element elementor-element-aab043c elementor-widget elementor-widget-heading\" data-id=\"aab043c\" data-element_type=\"widget\" data-widget_type=\"heading.default\">\n\t\t\t\t<div class=\"elementor-widget-container\">\n\t\t\t<h1 class=\"elementor-heading-title elementor-size-default\">(Internationale) Zusammenarbeit<\/h1>\t\t<\/div>\n\t\t\t\t<\/div>\n\t\t\t\t<div class=\"elementor-element elementor-element-7d40954 elementor-widget elementor-widget-text-editor\" data-id=\"7d40954\" data-element_type=\"widget\" data-widget_type=\"text-editor.default\">\n\t\t\t\t<div class=\"elementor-widget-container\">\n\t\t\t\t\t\t\t<p style=\"margin-bottom: 0cm;\"><span style=\"font-family: 'Bahnschrift Light', sans-serif; font-size: 18px; letter-spacing: 0px;\">sucrea architekten strebt eine (langfristige) Zusammenarbeit mit folgenden Akteuren an:<\/span><\/p>\n<ul style=\"margin-top: 0cm;\" type=\"disc\">\n<li><span style=\"font-family: 'Bahnschrift Light',sans-serif; mso-bidi-font-family: Calibri;\">Andere Architekturb\u00fcros f\u00fcr Arbeitsgemeinschaften<\/span><\/li>\n<li><span style=\"font-family: 'Bahnschrift Light',sans-serif; mso-bidi-font-family: Calibri;\">Architekten (freelancer) insbesondere mit besonderen Fachkenntnissen (\u00f6kologische Zertifizierungen, Brandschutz, Schadensanalyse, Holzbau, Textilbau und andere Materialien u.a.)<\/span><\/li>\n<li><span style=\"font-family: 'Bahnschrift Light',sans-serif; mso-bidi-font-family: Calibri;\">Ingenieurb\u00fcros,freelancer Tragwerkslplanung\/Statik, W\u00e4rmeschutz, Bauphysik, Brandschutz u.a.<\/span><\/li>\n<li><span style=\"font-family: 'Bahnschrift Light',sans-serif; mso-bidi-font-family: Calibri;\">Innenarchitekturb\u00fcros, Freelancer <\/span><\/li>\n<li><span style=\"font-family: 'Bahnschrift Light',sans-serif; mso-bidi-font-family: Calibri;\">Landschaftsarchitekturb\u00fcros, Freelancer<\/span><\/li>\n<li><span style=\"font-family: 'Bahnschrift Light',sans-serif; mso-bidi-font-family: Calibri;\">Firmen, die&nbsp;innovative, nachhaltige Produkte, Bauteile anbieten<\/span><\/li>\n<li><span style=\"font-family: 'Bahnschrift Light',sans-serif; mso-bidi-font-family: Calibri;\">Anw\u00e4lte\/Anwaltskanzleien&nbsp;aus dem Bereich Vergaberecht, Bau- und Architektenrecht<\/span><\/li>\n<li><span style=\"font-family: 'Bahnschrift Light',sans-serif; mso-bidi-font-family: Calibri;\">Wissenschaftler*innen&nbsp;aus dem Bereich \u00f6kologisches, effektives und soziales Bauen<\/span><\/li>\n<\/ul>\n<p style=\"margin-bottom: 0cm;\">\n<\/p><p><span style=\"font-family: 'Bahnschrift Light',sans-serif; mso-bidi-font-family: Calibri;\">Entgegen des weit verbreiteten Konkurrenzdenkens glaubt sucrea architekten an ein Partnerschaftlichen Modell der gegenseitigen<br>Unterst\u00fctzung. Nur gemeinsam k\u00f6nnen wir es schaffen, die Herausforderungen der Zeit zu meistern.<\/span><\/p>\n<p style=\"margin-bottom: 0cm;\"><span style=\"color: #000000; font-family: Bahnschrift Light, sans-serif;\"><span style=\"font-size: 18px;\">&nbsp; &nbsp;<\/span><\/span><\/p>\t\t\t\t\t\t<\/div>\n\t\t\t\t<\/div>\n\t\t\t\t\t<\/div>\n\t\t<\/div>\n\t\t\t\t<div class=\"elementor-column elementor-col-50 elementor-top-column elementor-element elementor-element-c498742\" data-id=\"c498742\" data-element_type=\"column\">\n\t\t\t<div class=\"elementor-widget-wrap elementor-element-populated\">\n\t\t\t\t\t\t<div class=\"elementor-element elementor-element-8a8d4a6 elementor-widget elementor-widget-image\" data-id=\"8a8d4a6\" data-element_type=\"widget\" data-widget_type=\"image.default\">\n\t\t\t\t<div class=\"elementor-widget-container\">\n\t\t\t\t\t\t\t\t\t\t\t\t\t<img fetchpriority=\"high\" decoding=\"async\" width=\"1024\" height=\"768\" src=\"https:\/\/sucrea.org\/wp-content\/uploads\/2025\/10\/IMG_20230519_153308-min-1024x768.jpg\" class=\"attachment-large size-large wp-image-1656\" alt=\"\" srcset=\"https:\/\/sucrea.org\/wp-content\/uploads\/2025\/10\/IMG_20230519_153308-min-1024x768.jpg 1024w, https:\/\/sucrea.org\/wp-content\/uploads\/2025\/10\/IMG_20230519_153308-min-300x225.jpg 300w, https:\/\/sucrea.org\/wp-content\/uploads\/2025\/10\/IMG_20230519_153308-min-768x576.jpg 768w, https:\/\/sucrea.org\/wp-content\/uploads\/2025\/10\/IMG_20230519_153308-min-1536x1152.jpg 1536w, https:\/\/sucrea.org\/wp-content\/uploads\/2025\/10\/IMG_20230519_153308-min-2048x1536.jpg 2048w\" sizes=\"(max-width: 1024px) 100vw, 1024px\" \/>\t\t\t\t\t\t\t\t\t\t\t\t\t<\/div>\n\t\t\t\t<\/div>\n\t\t\t\t<div class=\"elementor-element elementor-element-1d77d4a elementor-widget elementor-widget-image\" data-id=\"1d77d4a\" data-element_type=\"widget\" data-widget_type=\"image.default\">\n\t\t\t\t<div class=\"elementor-widget-container\">\n\t\t\t\t\t\t\t\t\t\t\t\t\t<img decoding=\"async\" width=\"1024\" height=\"576\" src=\"https:\/\/sucrea.org\/wp-content\/uploads\/2025\/10\/1.-Audimax-vorne-benutzen-min-min-1024x576.jpg\" class=\"attachment-large size-large wp-image-1705\" alt=\"\" srcset=\"https:\/\/sucrea.org\/wp-content\/uploads\/2025\/10\/1.-Audimax-vorne-benutzen-min-min-1024x576.jpg 1024w, https:\/\/sucrea.org\/wp-content\/uploads\/2025\/10\/1.-Audimax-vorne-benutzen-min-min-300x169.jpg 300w, https:\/\/sucrea.org\/wp-content\/uploads\/2025\/10\/1.-Audimax-vorne-benutzen-min-min-768x432.jpg 768w, https:\/\/sucrea.org\/wp-content\/uploads\/2025\/10\/1.-Audimax-vorne-benutzen-min-min-1536x864.jpg 1536w, https:\/\/sucrea.org\/wp-content\/uploads\/2025\/10\/1.-Audimax-vorne-benutzen-min-min-2048x1152.jpg 2048w, https:\/\/sucrea.org\/wp-content\/uploads\/2025\/10\/1.-Audimax-vorne-benutzen-min-min-800x450.jpg 800w\" sizes=\"(max-width: 1024px) 100vw, 1024px\" \/>\t\t\t\t\t\t\t\t\t\t\t\t\t<\/div>\n\t\t\t\t<\/div>\n\t\t\t\t<div class=\"elementor-element elementor-element-052a9b2 elementor-widget elementor-widget-image\" data-id=\"052a9b2\" data-element_type=\"widget\" data-widget_type=\"image.default\">\n\t\t\t\t<div class=\"elementor-widget-container\">\n\t\t\t\t\t\t\t\t\t\t\t\t\t<img decoding=\"async\" width=\"1024\" height=\"716\" src=\"https:\/\/sucrea.org\/wp-content\/uploads\/2025\/09\/Letmathe-WP-auf-Dach-min3-1024x716.jpg\" class=\"attachment-large size-large wp-image-1347\" alt=\"\" srcset=\"https:\/\/sucrea.org\/wp-content\/uploads\/2025\/09\/Letmathe-WP-auf-Dach-min3-1024x716.jpg 1024w, https:\/\/sucrea.org\/wp-content\/uploads\/2025\/09\/Letmathe-WP-auf-Dach-min3-300x210.jpg 300w, https:\/\/sucrea.org\/wp-content\/uploads\/2025\/09\/Letmathe-WP-auf-Dach-min3-768x537.jpg 768w, https:\/\/sucrea.org\/wp-content\/uploads\/2025\/09\/Letmathe-WP-auf-Dach-min3-1536x1074.jpg 1536w, https:\/\/sucrea.org\/wp-content\/uploads\/2025\/09\/Letmathe-WP-auf-Dach-min3-2048x1432.jpg 2048w\" sizes=\"(max-width: 1024px) 100vw, 1024px\" \/>\t\t\t\t\t\t\t\t\t\t\t\t\t<\/div>\n\t\t\t\t<\/div>\n\t\t\t\t\t<\/div>\n\t\t<\/div>\n\t\t\t\t\t<\/div>\n\t\t<\/section>\n\t\t\t\t<\/div>\n\t\t","protected":false},"excerpt":{"rendered":"<p>(Internationale) Zusammenarbeit sucrea architekten strebt eine (langfristige) Zusammenarbeit mit folgenden Akteuren an: Andere Architekturb\u00fcros f\u00fcr Arbeitsgemeinschaften Architekten (freelancer) insbesondere mit besonderen Fachkenntnissen (\u00f6kologische Zertifizierungen, Brandschutz, Schadensanalyse, Holzbau, Textilbau und andere Materialien u.a.) Ingenieurb\u00fcros,freelancer Tragwerkslplanung\/Statik, W\u00e4rmeschutz, Bauphysik, Brandschutz u.a. Innenarchitekturb\u00fcros, Freelancer Landschaftsarchitekturb\u00fcros, Freelancer Firmen, die&nbsp;innovative, nachhaltige Produkte, Bauteile anbieten Anw\u00e4lte\/Anwaltskanzleien&nbsp;aus dem Bereich Vergaberecht, Bau- und Architektenrecht [&hellip;]<\/p>\n","protected":false},"author":1,"featured_media":0,"parent":0,"menu_order":0,"comment_status":"closed","ping_status":"closed","template":"","meta":{"ocean_post_layout":"","ocean_both_sidebars_style":"","ocean_both_sidebars_content_width":0,"ocean_both_sidebars_sidebars_width":0,"ocean_sidebar":"","ocean_second_sidebar":"","ocean_disable_margins":"enable","ocean_add_body_class":"","ocean_shortcode_before_top_bar":"","ocean_shortcode_after_top_bar":"","ocean_shortcode_before_header":"","ocean_shortcode_after_header":"","ocean_has_shortcode":"","ocean_shortcode_after_title":"","ocean_shortcode_before_footer_widgets":"","ocean_shortcode_after_footer_widgets":"","ocean_shortcode_before_footer_bottom":"","ocean_shortcode_after_footer_bottom":"","ocean_display_top_bar":"default","ocean_display_header":"default","ocean_header_style":"","ocean_center_header_left_menu":"","ocean_custom_header_template":"","ocean_custom_logo":0,"ocean_custom_retina_logo":0,"ocean_custom_logo_max_width":0,"ocean_custom_logo_tablet_max_width":0,"ocean_custom_logo_mobile_max_width":0,"ocean_custom_logo_max_height":0,"ocean_custom_logo_tablet_max_height":0,"ocean_custom_logo_mobile_max_height":0,"ocean_header_custom_menu":"","ocean_menu_typo_font_family":"","ocean_menu_typo_font_subset":"","ocean_menu_typo_font_size":0,"ocean_menu_typo_font_size_tablet":0,"ocean_menu_typo_font_size_mobile":0,"ocean_menu_typo_font_size_unit":"px","ocean_menu_typo_font_weight":"","ocean_menu_typo_font_weight_tablet":"","ocean_menu_typo_font_weight_mobile":"","ocean_menu_typo_transform":"","ocean_menu_typo_transform_tablet":"","ocean_menu_typo_transform_mobile":"","ocean_menu_typo_line_height":0,"ocean_menu_typo_line_height_tablet":0,"ocean_menu_typo_line_height_mobile":0,"ocean_menu_typo_line_height_unit":"","ocean_menu_typo_spacing":0,"ocean_menu_typo_spacing_tablet":0,"ocean_menu_typo_spacing_mobile":0,"ocean_menu_typo_spacing_unit":"","ocean_menu_link_color":"","ocean_menu_link_color_hover":"","ocean_menu_link_color_active":"","ocean_menu_link_background":"","ocean_menu_link_hover_background":"","ocean_menu_link_active_background":"","ocean_menu_social_links_bg":"","ocean_menu_social_hover_links_bg":"","ocean_menu_social_links_color":"","ocean_menu_social_hover_links_color":"","ocean_disable_title":"default","ocean_disable_heading":"default","ocean_post_title":"","ocean_post_subheading":"","ocean_post_title_style":"","ocean_post_title_background_color":"","ocean_post_title_background":0,"ocean_post_title_bg_image_position":"","ocean_post_title_bg_image_attachment":"","ocean_post_title_bg_image_repeat":"","ocean_post_title_bg_image_size":"","ocean_post_title_height":0,"ocean_post_title_bg_overlay":0.5,"ocean_post_title_bg_overlay_color":"","ocean_disable_breadcrumbs":"default","ocean_breadcrumbs_color":"","ocean_breadcrumbs_separator_color":"","ocean_breadcrumbs_links_color":"","ocean_breadcrumbs_links_hover_color":"","ocean_display_footer_widgets":"default","ocean_display_footer_bottom":"default","ocean_custom_footer_template":""},"_links":{"self":[{"href":"https:\/\/sucrea.org\/index.php?rest_route=\/wp\/v2\/pages\/1998"}],"collection":[{"href":"https:\/\/sucrea.org\/index.php?rest_route=\/wp\/v2\/pages"}],"about":[{"href":"https:\/\/sucrea.org\/index.php?rest_route=\/wp\/v2\/types\/page"}],"author":[{"embeddable":true,"href":"https:\/\/sucrea.org\/index.php?rest_route=\/wp\/v2\/users\/1"}],"replies":[{"embeddable":true,"href":"https:\/\/sucrea.org\/index.php?rest_route=%2Fwp%2Fv2%2Fcomments&post=1998"}],"version-history":[{"count":13,"href":"https:\/\/sucrea.org\/index.php?rest_route=\/wp\/v2\/pages\/1998\/revisions"}],"predecessor-version":[{"id":2014,"href":"https:\/\/sucrea.org\/index.php?rest_route=\/wp\/v2\/pages\/1998\/revisions\/2014"}],"wp:attachment":[{"href":"https:\/\/sucrea.org\/index.php?rest_route=%2Fwp%2Fv2%2Fmedia&parent=1998"}],"curies":[{"name":"wp","href":"https:\/\/api.w.org\/{rel}","templated":true}]}}